{"id":1178,"date":"2019-02-28T21:54:52","date_gmt":"2019-02-28T21:54:52","guid":{"rendered":"https:\/\/www.egin-heinisch.com\/?page_id=1178"},"modified":"2019-03-01T10:04:49","modified_gmt":"2019-03-01T10:04:49","slug":"ueber-uns","status":"publish","type":"page","link":"https:\/\/www.egin-heinisch.com\/de\/ueber-uns\/","title":{"rendered":"\u00dcber uns"},"content":{"rendered":"\r\n\t\t<section class=\"full-width full-width-image\" style=\"background-image: url(https:\/\/www.egin-heinisch.com\/wp-content\/uploads\/2019\/03\/egin-heinisch.jpg);\">\r\n\t\t<\/section>\r\n\t\t<div class=\"container-fluid\">\r\n\t\t\t<div class=\"row\">\r\n\t\t\t\t<div class=\"col-12 col-xs-11 col-xl-9 col-xxl-7 col-xxxl-5 ml-auto mr-auto\">\r\n\t\t\t\t\t<div class=\"full-width-image-text\">\r\n\t\t\t\t\t\t<\/p>\n<h1 style=\"text-align: center;\"><strong>\u00dcber EGIN-HEINISCH<\/strong><\/h1>\n<p style=\"text-align: center;\"><strong>EGIN-HEINISCH steht f\u00fcr Professionalit\u00e4t, Zuverl\u00e4ssigkeit und Effizienz. Seit 2003 bieten wir unter der Dachmarke EGIN-HEINISCH herstellerunabh\u00e4ngige L\u00f6sungen f\u00fcr Motorspindeln an: Reparatur, Wartung und Optimierung.<\/strong><\/p>\n<p style=\"text-align: center;\">Wir nutzen unser Wissen aus Tausenden von Reparaturen, um unser Serviceangebot nachhaltig zu optimieren und unser Leistungsspektrum mit sinnvollen Produkten zu erweitern. Unser wirtschaftlicher Erfolg und Wachstum erh\u00f6hen auch unsere Verantwortung f\u00fcr Mensch und Umwelt. Diesen Herausforderungen wollen wir uns auch stellen.<\/p>\n<p style=\"text-align: center;\"><a class=\"btn btn-primary\" href=\"#continue\">mehr<\/a><\/p>\n<p>\r\n\t\t\t\t\t<\/div>\r\n\t\t\t\t<\/div>\r\n\t\t\t<\/div>\r\n\t\t<\/div>\r\n\t\t\n\r\n\t<section class=\"divider-10\" id=\"continue\"><\/section>\r\n\t\n\r\n\t\t<section class=\"grey\">\r\n\t\t\t<div class=\"container-fluid p-0\">\r\n\t\t\t\t<div class=\"row m-0\">\r\n\t\t\t\t\t<div class=\"col-12 col-xl-8 ml-auto mr-auto\">\r\n\t\t\t\t\t\t<div class=\"row\">\r\n\t\t\t\t\t\t\t<\/p>\n<p>\r\n\t\t\t\t\t<div class=\"col-12 col-xl-4 ml-auto order-2 order-xl-1 text-left text-xl-right\">\r\n\t\t\t\t\t\r\n\t\t\t\t\t\t<\/p>\n<p>\r\n\t\t<div class=\"box white\">\r\n\t\t\r\n\t\t\t<\/p>\n<p><img loading=\"lazy\" decoding=\"async\" class=\"alignnone wp-image-377 size-full\" src=\"https:\/\/www.egin-heinisch.com\/wp-content\/uploads\/2019\/01\/Spindeldoctor_2018-12-13_D5_4026.jpg\" alt=\"\" width=\"998\" height=\"665\" srcset=\"https:\/\/www.egin-heinisch.com\/wp-content\/uploads\/2019\/01\/Spindeldoctor_2018-12-13_D5_4026.jpg 998w, https:\/\/www.egin-heinisch.com\/wp-content\/uploads\/2019\/01\/Spindeldoctor_2018-12-13_D5_4026-300x200.jpg 300w, https:\/\/www.egin-heinisch.com\/wp-content\/uploads\/2019\/01\/Spindeldoctor_2018-12-13_D5_4026-768x512.jpg 768w\" sizes=\"auto, (max-width: 998px) 100vw, 998px\" \/><\/p>\n<h3><strong>Was wir f\u00fcr Sie tun<\/strong><\/h3>\n<p>Kunden aus aller Welt wenden sich an uns, wenn es um die herstellerunabh\u00e4ngige Reparatur und Wartung von Motorspindeln und Werkzeugmaschinen geht.<br \/>\nUnsere Dienstleistungen werden durch Produktion und Teilelogistik erg\u00e4nzt und bilden ein umfassendes Spektrum f\u00fcr die Industrie.<\/p>\n<p><a class=\"btn btn-primary\" href=\"https:\/\/www.egin-heinisch.com\/de\/ueber-uns\/was-wir-tun\/\">Entdecken<\/a><\/p>\n<p>\r\n\t\t\r\n\t\t<\/div>\r\n\t\t<\/p>\n<p>\r\n\t\t\t\t\t\r\n\t\t\t\t\t<\/div>\r\n\t\t<\/p>\n<p>\r\n\t\t\t\t\t<div class=\"col-12 col-xl-4\">\r\n\t\t\t\t\t\r\n\t\t\t\t\t\t<\/p>\n<p>\r\n\t\t<div class=\"box white\">\r\n\t\t\r\n\t\t\t<\/p>\n<p><img loading=\"lazy\" decoding=\"async\" class=\"alignnone wp-image-135 size-full\" src=\"https:\/\/www.egin-heinisch.com\/wp-content\/uploads\/2019\/01\/kinderhospiz.jpg\" alt=\"\" width=\"1600\" height=\"1067\" srcset=\"https:\/\/www.egin-heinisch.com\/wp-content\/uploads\/2019\/01\/kinderhospiz.jpg 1600w, https:\/\/www.egin-heinisch.com\/wp-content\/uploads\/2019\/01\/kinderhospiz-300x200.jpg 300w, https:\/\/www.egin-heinisch.com\/wp-content\/uploads\/2019\/01\/kinderhospiz-768x512.jpg 768w, https:\/\/www.egin-heinisch.com\/wp-content\/uploads\/2019\/01\/kinderhospiz-1024x683.jpg 1024w\" sizes=\"auto, (max-width: 1600px) 100vw, 1600px\" \/><\/p>\n<h3><strong>Unternehmerische Verantwortung<\/strong><\/h3>\n<p>Unser wirtschaftlicher Erfolg und Wachstum erh\u00f6hen auch unsere Verantwortung f\u00fcr Mensch und Umwelt. Unsere Mitarbeiter engagieren sich seit vielen Jahren f\u00fcr gemeinn\u00fctzige Zwecke und werden von der EGIN-HEINISCH GmbH &amp; Co. KG auf vielf\u00e4ltige Weise unterst\u00fctzt. Das Unternehmen selbst folgt dem guten Beispiel von Einzelpersonen.<\/p>\n<p><a class=\"btn btn-primary\" href=\"https:\/\/www.egin-heinisch.com\/de\/ueber-uns\/unternehmerische-verantwortung\/\">Entdecken<\/a><\/p>\n<p>\r\n\t\t\r\n\t\t<\/div>\r\n\t\t<\/p>\n<p>\r\n\t\t\t\t\t\r\n\t\t\t\t\t<\/div>\r\n\t\t<\/p>\n<p>\r\n\t\t\t\t\t<div class=\"col-12 col-xl-4 mr-auto order-1 order-xl-2\">\r\n\t\t\t\t\t\r\n\t\t\t\t\t\t<\/p>\n<p>\r\n\t\t<div class=\"box white\">\r\n\t\t\r\n\t\t\t<\/p>\n<p><img loading=\"lazy\" decoding=\"async\" class=\"alignnone wp-image-1264 size-full\" src=\"https:\/\/www.egin-heinisch.com\/wp-content\/uploads\/2019\/03\/history-1.jpg\" alt=\"\" width=\"1000\" height=\"667\" srcset=\"https:\/\/www.egin-heinisch.com\/wp-content\/uploads\/2019\/03\/history-1.jpg 1000w, https:\/\/www.egin-heinisch.com\/wp-content\/uploads\/2019\/03\/history-1-300x200.jpg 300w, https:\/\/www.egin-heinisch.com\/wp-content\/uploads\/2019\/03\/history-1-768x512.jpg 768w\" sizes=\"auto, (max-width: 1000px) 100vw, 1000px\" \/><\/p>\n<h3><strong>Unsere Geschichte<\/strong><\/h3>\n<p>Lassen Sie uns gemeinsam zur\u00fcckblicken: Vor \u00fcber 15 Jahren hat die EGIN-HEINISCH GmbH &amp; Co. KG den Grundstein f\u00fcr eine erfolgreiche Unternehmensentwicklung gelegt.<\/p>\n<p><a class=\"btn btn-primary\" href=\"http:\/\/geschichte\">Entdecken<\/a><\/p>\n<p>\r\n\t\t\r\n\t\t<\/div>\r\n\t\t<\/p>\n<p>\r\n\t\t\t\t\t\r\n\t\t\t\t\t<\/div>\r\n\t\t<\/p>\n<p>\r\n\t\t\t\t\t\t<\/div>\r\n\t\t\t\t\t<\/div>\r\n\t\t\t\t<\/div>\r\n\t\t\t<\/div>\r\n\t\t<\/section>\r\n\t\n","protected":false},"excerpt":{"rendered":"","protected":false},"author":1,"featured_media":0,"parent":0,"menu_order":0,"comment_status":"closed","ping_status":"closed","template":"","meta":{"footnotes":""},"class_list":["post-1178","page","type-page","status-publish","hentry"],"yoast_head":"<!-- This site is optimized with the Yoast SEO plugin v26.0 - https:\/\/yoast.com\/wordpress\/plugins\/seo\/ -->\n<title>\u00dcber uns - EGIN-HEINISCH<\/title>\n<meta name=\"robots\" content=\"index, follow, max-snippet:-1, max-image-preview:large, max-video-preview:-1\" \/>\n<link rel=\"canonical\" href=\"https:\/\/www.egin-heinisch.com\/de\/ueber-uns\/\" \/>\n<meta property=\"og:locale\" content=\"de_DE\" \/>\n<meta property=\"og:type\" content=\"article\" \/>\n<meta property=\"og:title\" content=\"\u00dcber uns - EGIN-HEINISCH\" \/>\n<meta property=\"og:url\" content=\"https:\/\/www.egin-heinisch.com\/de\/ueber-uns\/\" \/>\n<meta property=\"og:site_name\" content=\"EGIN-HEINISCH\" \/>\n<meta property=\"article:modified_time\" content=\"2019-03-01T10:04:49+00:00\" \/>\n<meta property=\"og:image\" content=\"https:\/\/www.egin-heinisch.com\/wp-content\/uploads\/2019\/01\/Spindeldoctor_2018-12-13_D5_4026.jpg\" \/>\n<meta name=\"twitter:card\" content=\"summary_large_image\" \/>\n<meta name=\"twitter:label1\" content=\"Gesch\u00e4tzte Lesezeit\" \/>\n\t<meta name=\"twitter:data1\" content=\"1\u00a0Minute\" \/>\n<script type=\"application\/ld+json\" class=\"yoast-schema-graph\">{\"@context\":\"https:\/\/schema.org\",\"@graph\":[{\"@type\":\"WebPage\",\"@id\":\"https:\/\/www.egin-heinisch.com\/de\/ueber-uns\/\",\"url\":\"https:\/\/www.egin-heinisch.com\/de\/ueber-uns\/\",\"name\":\"\u00dcber uns - EGIN-HEINISCH\",\"isPartOf\":{\"@id\":\"https:\/\/www.egin-heinisch.com\/de\/#website\"},\"primaryImageOfPage\":{\"@id\":\"https:\/\/www.egin-heinisch.com\/de\/ueber-uns\/#primaryimage\"},\"image\":{\"@id\":\"https:\/\/www.egin-heinisch.com\/de\/ueber-uns\/#primaryimage\"},\"thumbnailUrl\":\"https:\/\/www.egin-heinisch.com\/wp-content\/uploads\/2019\/01\/Spindeldoctor_2018-12-13_D5_4026.jpg\",\"datePublished\":\"2019-02-28T21:54:52+00:00\",\"dateModified\":\"2019-03-01T10:04:49+00:00\",\"breadcrumb\":{\"@id\":\"https:\/\/www.egin-heinisch.com\/de\/ueber-uns\/#breadcrumb\"},\"inLanguage\":\"de\",\"potentialAction\":[{\"@type\":\"ReadAction\",\"target\":[\"https:\/\/www.egin-heinisch.com\/de\/ueber-uns\/\"]}]},{\"@type\":\"ImageObject\",\"inLanguage\":\"de\",\"@id\":\"https:\/\/www.egin-heinisch.com\/de\/ueber-uns\/#primaryimage\",\"url\":\"https:\/\/www.egin-heinisch.com\/wp-content\/uploads\/2019\/01\/Spindeldoctor_2018-12-13_D5_4026.jpg\",\"contentUrl\":\"https:\/\/www.egin-heinisch.com\/wp-content\/uploads\/2019\/01\/Spindeldoctor_2018-12-13_D5_4026.jpg\"},{\"@type\":\"BreadcrumbList\",\"@id\":\"https:\/\/www.egin-heinisch.com\/de\/ueber-uns\/#breadcrumb\",\"itemListElement\":[{\"@type\":\"ListItem\",\"position\":1,\"name\":\"Home\",\"item\":\"https:\/\/www.egin-heinisch.com\/de\/home\/\"},{\"@type\":\"ListItem\",\"position\":2,\"name\":\"\u00dcber uns\"}]},{\"@type\":\"WebSite\",\"@id\":\"https:\/\/www.egin-heinisch.com\/de\/#website\",\"url\":\"https:\/\/www.egin-heinisch.com\/de\/\",\"name\":\"EGIN-HEINISCH\",\"description\":\"\",\"potentialAction\":[{\"@type\":\"SearchAction\",\"target\":{\"@type\":\"EntryPoint\",\"urlTemplate\":\"https:\/\/www.egin-heinisch.com\/de\/?s={search_term_string}\"},\"query-input\":{\"@type\":\"PropertyValueSpecification\",\"valueRequired\":true,\"valueName\":\"search_term_string\"}}],\"inLanguage\":\"de\"}]}<\/script>\n<!-- \/ Yoast SEO plugin. -->","yoast_head_json":{"title":"\u00dcber uns - EGIN-HEINISCH","robots":{"index":"index","follow":"follow","max-snippet":"max-snippet:-1","max-image-preview":"max-image-preview:large","max-video-preview":"max-video-preview:-1"},"canonical":"https:\/\/www.egin-heinisch.com\/de\/ueber-uns\/","og_locale":"de_DE","og_type":"article","og_title":"\u00dcber uns - EGIN-HEINISCH","og_url":"https:\/\/www.egin-heinisch.com\/de\/ueber-uns\/","og_site_name":"EGIN-HEINISCH","article_modified_time":"2019-03-01T10:04:49+00:00","og_image":[{"url":"https:\/\/www.egin-heinisch.com\/wp-content\/uploads\/2019\/01\/Spindeldoctor_2018-12-13_D5_4026.jpg","type":"","width":"","height":""}],"twitter_card":"summary_large_image","twitter_misc":{"Gesch\u00e4tzte Lesezeit":"1\u00a0Minute"},"schema":{"@context":"https:\/\/schema.org","@graph":[{"@type":"WebPage","@id":"https:\/\/www.egin-heinisch.com\/de\/ueber-uns\/","url":"https:\/\/www.egin-heinisch.com\/de\/ueber-uns\/","name":"\u00dcber uns - EGIN-HEINISCH","isPartOf":{"@id":"https:\/\/www.egin-heinisch.com\/de\/#website"},"primaryImageOfPage":{"@id":"https:\/\/www.egin-heinisch.com\/de\/ueber-uns\/#primaryimage"},"image":{"@id":"https:\/\/www.egin-heinisch.com\/de\/ueber-uns\/#primaryimage"},"thumbnailUrl":"https:\/\/www.egin-heinisch.com\/wp-content\/uploads\/2019\/01\/Spindeldoctor_2018-12-13_D5_4026.jpg","datePublished":"2019-02-28T21:54:52+00:00","dateModified":"2019-03-01T10:04:49+00:00","breadcrumb":{"@id":"https:\/\/www.egin-heinisch.com\/de\/ueber-uns\/#breadcrumb"},"inLanguage":"de","potentialAction":[{"@type":"ReadAction","target":["https:\/\/www.egin-heinisch.com\/de\/ueber-uns\/"]}]},{"@type":"ImageObject","inLanguage":"de","@id":"https:\/\/www.egin-heinisch.com\/de\/ueber-uns\/#primaryimage","url":"https:\/\/www.egin-heinisch.com\/wp-content\/uploads\/2019\/01\/Spindeldoctor_2018-12-13_D5_4026.jpg","contentUrl":"https:\/\/www.egin-heinisch.com\/wp-content\/uploads\/2019\/01\/Spindeldoctor_2018-12-13_D5_4026.jpg"},{"@type":"BreadcrumbList","@id":"https:\/\/www.egin-heinisch.com\/de\/ueber-uns\/#breadcrumb","itemListElement":[{"@type":"ListItem","position":1,"name":"Home","item":"https:\/\/www.egin-heinisch.com\/de\/home\/"},{"@type":"ListItem","position":2,"name":"\u00dcber uns"}]},{"@type":"WebSite","@id":"https:\/\/www.egin-heinisch.com\/de\/#website","url":"https:\/\/www.egin-heinisch.com\/de\/","name":"EGIN-HEINISCH","description":"","potentialAction":[{"@type":"SearchAction","target":{"@type":"EntryPoint","urlTemplate":"https:\/\/www.egin-heinisch.com\/de\/?s={search_term_string}"},"query-input":{"@type":"PropertyValueSpecification","valueRequired":true,"valueName":"search_term_string"}}],"inLanguage":"de"}]}},"_links":{"self":[{"href":"https:\/\/www.egin-heinisch.com\/de\/wp-json\/wp\/v2\/pages\/1178","targetHints":{"allow":["GET"]}}],"collection":[{"href":"https:\/\/www.egin-heinisch.com\/de\/wp-json\/wp\/v2\/pages"}],"about":[{"href":"https:\/\/www.egin-heinisch.com\/de\/wp-json\/wp\/v2\/types\/page"}],"author":[{"embeddable":true,"href":"https:\/\/www.egin-heinisch.com\/de\/wp-json\/wp\/v2\/users\/1"}],"replies":[{"embeddable":true,"href":"https:\/\/www.egin-heinisch.com\/de\/wp-json\/wp\/v2\/comments?post=1178"}],"version-history":[{"count":4,"href":"https:\/\/www.egin-heinisch.com\/de\/wp-json\/wp\/v2\/pages\/1178\/revisions"}],"predecessor-version":[{"id":1367,"href":"https:\/\/www.egin-heinisch.com\/de\/wp-json\/wp\/v2\/pages\/1178\/revisions\/1367"}],"wp:attachment":[{"href":"https:\/\/www.egin-heinisch.com\/de\/wp-json\/wp\/v2\/media?parent=1178"}],"curies":[{"name":"wp","href":"https:\/\/api.w.org\/{rel}","templated":true}]}}