{"id":1224,"date":"2019-02-28T22:26:16","date_gmt":"2019-02-28T22:26:16","guid":{"rendered":"https:\/\/www.egin-heinisch.com\/?page_id=1224"},"modified":"2022-05-10T09:43:30","modified_gmt":"2022-05-10T09:43:30","slug":"eh-spindelshop24","status":"publish","type":"page","link":"https:\/\/www.egin-heinisch.com\/de\/loesungen\/eh-spindelshop24\/","title":{"rendered":"EH Spindelshop24"},"content":{"rendered":"\r\n\t\t<section class=\"full-width full-width-image\" style=\"background-image: url(https:\/\/www.egin-heinisch.com\/wp-content\/uploads\/2019\/03\/spareparts-1.jpg);\">\r\n\t\t<\/section>\r\n\t\t<div class=\"container-fluid\">\r\n\t\t\t<div class=\"row\">\r\n\t\t\t\t<div class=\"col-12 col-xs-11 col-xl-9 col-xxl-7 col-xxxl-5 ml-auto mr-auto\">\r\n\t\t\t\t\t<div class=\"full-width-image-text\">\r\n\t\t\t\t\t\t<\/p>\n<h1 style=\"text-align: center;\"><strong>Ersatzteil-L\u00f6sungen<\/strong><\/h1>\n<p style=\"text-align: center;\">Wer just in time produziert, ist auch auf Dienstleistungen just in time angewiesen. Mit unserem eigenen Ersatzteillager und der eigenen Logistik schlie\u00dfen wir diese L\u00fccke und versorgen unsere Kunden zuverl\u00e4ssig mit den notwendigen Ersatzteilen. Rechtzeitig.<\/p>\n<p style=\"text-align: center;\"><a class=\"btn btn-primary\" href=\"https:\/\/www.spindelshop24.com\" target=\"_blank\" rel=\"noopener\">www.spindelshop24.com besuchen<\/a><\/p>\n<p>\r\n\t\t\t\t\t<\/div>\r\n\t\t\t\t<\/div>\r\n\t\t\t<\/div>\r\n\t\t<\/div>\r\n\t\t\n\r\n\t<section class=\"divider-10\"><\/section>\r\n\t\n\r\n\t\t<section class=\"full-width\">\r\n\t\t\t<div class=\"container-fluid p-0\">\r\n\t\t\t\t<div class=\"row m-0\">\r\n\t\t\t\t\t<div class=\"col-12 col-lg-6 ml-lg-auto mr-lg-auto\">\r\n\t\t\t\t\t\t<\/p>\n<h2 style=\"text-align: center;\"><strong>M\u00f6chten Sie mehr erfahren?<\/strong><\/h2>\n<p style=\"text-align: center;\">Bitte kontaktieren Sie uns. Wir zeigen Ihnen gerne, wie Sie von der Zusammenarbeit mit EGIN-HEINISCH profitieren.<\/p>\n<p style=\"text-align: center;\"><a class=\"btn btn-primary\" href=\"https:\/\/www.egin-heinisch.com\/de\/kontakt-aufnehmen\/\">Kontakt aufnehmen<\/a><\/p>\n<p>\r\n\t\t\t\t\t<\/div>\r\n\t\t\t\t<\/div>\r\n\t\t\t<\/div>\r\n\t\t<\/section>\r\n\t\t\n<p>&nbsp;<\/p>\n","protected":false},"excerpt":{"rendered":"<p>&nbsp;<\/p>\n","protected":false},"author":1,"featured_media":0,"parent":1219,"menu_order":0,"comment_status":"closed","ping_status":"closed","template":"","meta":{"footnotes":""},"class_list":["post-1224","page","type-page","status-publish","hentry"],"yoast_head":"<!-- This site is optimized with the Yoast SEO plugin v26.0 - https:\/\/yoast.com\/wordpress\/plugins\/seo\/ -->\n<title>EH Spindelshop24 - EGIN-HEINISCH<\/title>\n<meta name=\"robots\" content=\"index, follow, max-snippet:-1, max-image-preview:large, max-video-preview:-1\" \/>\n<link rel=\"canonical\" href=\"https:\/\/www.egin-heinisch.com\/de\/loesungen\/eh-spindelshop24\/\" \/>\n<meta property=\"og:locale\" content=\"de_DE\" \/>\n<meta property=\"og:type\" content=\"article\" \/>\n<meta property=\"og:title\" content=\"EH Spindelshop24 - EGIN-HEINISCH\" \/>\n<meta property=\"og:description\" content=\"&nbsp;\" \/>\n<meta property=\"og:url\" content=\"https:\/\/www.egin-heinisch.com\/de\/loesungen\/eh-spindelshop24\/\" \/>\n<meta property=\"og:site_name\" content=\"EGIN-HEINISCH\" \/>\n<meta property=\"article:modified_time\" content=\"2022-05-10T09:43:30+00:00\" \/>\n<meta name=\"twitter:card\" content=\"summary_large_image\" \/>\n<meta name=\"twitter:label1\" content=\"Gesch\u00e4tzte Lesezeit\" \/>\n\t<meta name=\"twitter:data1\" content=\"1\u00a0Minute\" \/>\n<script type=\"application\/ld+json\" class=\"yoast-schema-graph\">{\"@context\":\"https:\/\/schema.org\",\"@graph\":[{\"@type\":\"WebPage\",\"@id\":\"https:\/\/www.egin-heinisch.com\/de\/loesungen\/eh-spindelshop24\/\",\"url\":\"https:\/\/www.egin-heinisch.com\/de\/loesungen\/eh-spindelshop24\/\",\"name\":\"EH Spindelshop24 - EGIN-HEINISCH\",\"isPartOf\":{\"@id\":\"https:\/\/www.egin-heinisch.com\/de\/#website\"},\"datePublished\":\"2019-02-28T22:26:16+00:00\",\"dateModified\":\"2022-05-10T09:43:30+00:00\",\"breadcrumb\":{\"@id\":\"https:\/\/www.egin-heinisch.com\/de\/loesungen\/eh-spindelshop24\/#breadcrumb\"},\"inLanguage\":\"de\",\"potentialAction\":[{\"@type\":\"ReadAction\",\"target\":[\"https:\/\/www.egin-heinisch.com\/de\/loesungen\/eh-spindelshop24\/\"]}]},{\"@type\":\"BreadcrumbList\",\"@id\":\"https:\/\/www.egin-heinisch.com\/de\/loesungen\/eh-spindelshop24\/#breadcrumb\",\"itemListElement\":[{\"@type\":\"ListItem\",\"position\":1,\"name\":\"Home\",\"item\":\"https:\/\/www.egin-heinisch.com\/de\/home\/\"},{\"@type\":\"ListItem\",\"position\":2,\"name\":\"L\u00f6sungen\",\"item\":\"https:\/\/www.egin-heinisch.com\/de\/loesungen\/\"},{\"@type\":\"ListItem\",\"position\":3,\"name\":\"EH Spindelshop24\"}]},{\"@type\":\"WebSite\",\"@id\":\"https:\/\/www.egin-heinisch.com\/de\/#website\",\"url\":\"https:\/\/www.egin-heinisch.com\/de\/\",\"name\":\"EGIN-HEINISCH\",\"description\":\"\",\"potentialAction\":[{\"@type\":\"SearchAction\",\"target\":{\"@type\":\"EntryPoint\",\"urlTemplate\":\"https:\/\/www.egin-heinisch.com\/de\/?s={search_term_string}\"},\"query-input\":{\"@type\":\"PropertyValueSpecification\",\"valueRequired\":true,\"valueName\":\"search_term_string\"}}],\"inLanguage\":\"de\"}]}<\/script>\n<!-- \/ Yoast SEO plugin. -->","yoast_head_json":{"title":"EH Spindelshop24 - EGIN-HEINISCH","robots":{"index":"index","follow":"follow","max-snippet":"max-snippet:-1","max-image-preview":"max-image-preview:large","max-video-preview":"max-video-preview:-1"},"canonical":"https:\/\/www.egin-heinisch.com\/de\/loesungen\/eh-spindelshop24\/","og_locale":"de_DE","og_type":"article","og_title":"EH Spindelshop24 - EGIN-HEINISCH","og_description":"&nbsp;","og_url":"https:\/\/www.egin-heinisch.com\/de\/loesungen\/eh-spindelshop24\/","og_site_name":"EGIN-HEINISCH","article_modified_time":"2022-05-10T09:43:30+00:00","twitter_card":"summary_large_image","twitter_misc":{"Gesch\u00e4tzte Lesezeit":"1\u00a0Minute"},"schema":{"@context":"https:\/\/schema.org","@graph":[{"@type":"WebPage","@id":"https:\/\/www.egin-heinisch.com\/de\/loesungen\/eh-spindelshop24\/","url":"https:\/\/www.egin-heinisch.com\/de\/loesungen\/eh-spindelshop24\/","name":"EH Spindelshop24 - EGIN-HEINISCH","isPartOf":{"@id":"https:\/\/www.egin-heinisch.com\/de\/#website"},"datePublished":"2019-02-28T22:26:16+00:00","dateModified":"2022-05-10T09:43:30+00:00","breadcrumb":{"@id":"https:\/\/www.egin-heinisch.com\/de\/loesungen\/eh-spindelshop24\/#breadcrumb"},"inLanguage":"de","potentialAction":[{"@type":"ReadAction","target":["https:\/\/www.egin-heinisch.com\/de\/loesungen\/eh-spindelshop24\/"]}]},{"@type":"BreadcrumbList","@id":"https:\/\/www.egin-heinisch.com\/de\/loesungen\/eh-spindelshop24\/#breadcrumb","itemListElement":[{"@type":"ListItem","position":1,"name":"Home","item":"https:\/\/www.egin-heinisch.com\/de\/home\/"},{"@type":"ListItem","position":2,"name":"L\u00f6sungen","item":"https:\/\/www.egin-heinisch.com\/de\/loesungen\/"},{"@type":"ListItem","position":3,"name":"EH Spindelshop24"}]},{"@type":"WebSite","@id":"https:\/\/www.egin-heinisch.com\/de\/#website","url":"https:\/\/www.egin-heinisch.com\/de\/","name":"EGIN-HEINISCH","description":"","potentialAction":[{"@type":"SearchAction","target":{"@type":"EntryPoint","urlTemplate":"https:\/\/www.egin-heinisch.com\/de\/?s={search_term_string}"},"query-input":{"@type":"PropertyValueSpecification","valueRequired":true,"valueName":"search_term_string"}}],"inLanguage":"de"}]}},"_links":{"self":[{"href":"https:\/\/www.egin-heinisch.com\/de\/wp-json\/wp\/v2\/pages\/1224","targetHints":{"allow":["GET"]}}],"collection":[{"href":"https:\/\/www.egin-heinisch.com\/de\/wp-json\/wp\/v2\/pages"}],"about":[{"href":"https:\/\/www.egin-heinisch.com\/de\/wp-json\/wp\/v2\/types\/page"}],"author":[{"embeddable":true,"href":"https:\/\/www.egin-heinisch.com\/de\/wp-json\/wp\/v2\/users\/1"}],"replies":[{"embeddable":true,"href":"https:\/\/www.egin-heinisch.com\/de\/wp-json\/wp\/v2\/comments?post=1224"}],"version-history":[{"count":4,"href":"https:\/\/www.egin-heinisch.com\/de\/wp-json\/wp\/v2\/pages\/1224\/revisions"}],"predecessor-version":[{"id":5784,"href":"https:\/\/www.egin-heinisch.com\/de\/wp-json\/wp\/v2\/pages\/1224\/revisions\/5784"}],"up":[{"embeddable":true,"href":"https:\/\/www.egin-heinisch.com\/de\/wp-json\/wp\/v2\/pages\/1219"}],"wp:attachment":[{"href":"https:\/\/www.egin-heinisch.com\/de\/wp-json\/wp\/v2\/media?parent=1224"}],"curies":[{"name":"wp","href":"https:\/\/api.w.org\/{rel}","templated":true}]}}