{"id":1275,"date":"2019-03-01T07:23:19","date_gmt":"2019-03-01T07:23:19","guid":{"rendered":"https:\/\/www.egin-heinisch.com\/?page_id=1275"},"modified":"2019-03-01T10:05:18","modified_gmt":"2019-03-01T10:05:18","slug":"helfen-statt-streiten","status":"publish","type":"page","link":"https:\/\/www.egin-heinisch.com\/de\/ueber-uns\/unternehmerische-verantwortung\/helfen-statt-streiten\/","title":{"rendered":"Helfen statt streiten"},"content":{"rendered":"\r\n\t\t<section class=\"full-width full-width-image\" style=\"background-image: url(https:\/\/www.egin-heinisch.com\/wp-content\/uploads\/2019\/01\/kinderhospiz.jpg);\">\r\n\t\t<\/section>\r\n\t\t<div class=\"container-fluid\">\r\n\t\t\t<div class=\"row\">\r\n\t\t\t\t<div class=\"col-12 col-xs-11 col-xl-9 col-xxl-7 col-xxxl-5 ml-auto mr-auto\">\r\n\t\t\t\t\t<div class=\"full-width-image-text\">\r\n\t\t\t\t\t\t<\/p>\n<h1 style=\"text-align: center;\"><strong>Helfen statt streiten<\/strong><\/h1>\n<p style=\"text-align: center;\">Recht behalten? Eigene Interessen durchsetzen? Sich herum\u00e4rgern?<br \/>\nDas alles versuchen wir beim Spindeldoctor zu vermeiden.<br \/>\n<strong>Unser Motto: Helfen statt streiten!<\/strong><\/p>\n<p style=\"text-align: center;\"><a class=\"btn btn-primary\" href=\"#kinderhospiz\">weiter lesen<\/a> <a class=\"btn btn-primary\" href=\"#donate\">Spenden<\/a><\/p>\n<p>\r\n\t\t\t\t\t<\/div>\r\n\t\t\t\t<\/div>\r\n\t\t\t<\/div>\r\n\t\t<\/div>\r\n\t\t\n\r\n\t<section class=\"divider-10\" id=\"kinderhospiz\"><\/section>\r\n\t\n\r\n\t\t<section class=\"grey\">\r\n\t\t\t<div class=\"container-fluid p-0\">\r\n\t\t\t\t<div class=\"row m-0\">\r\n\t\t\t\t\t<div class=\"col-12 col-xl-8 ml-auto mr-auto\">\r\n\t\t\t\t\t\t<div class=\"row\">\r\n\t\t\t\t\t\t\t<\/p>\n<p>\r\n\t\t\t\t\t<div class=\"col-12 col-xl-8 ml-auto mr-auto\">\r\n\t\t\t\t\t\r\n\t\t\t\t\t\t<\/p>\n<h2 style=\"text-align: center;\"><strong>Worum es dabei geht?<\/strong><\/h2>\n<p>\r\n\t\t\t\t\t\r\n\t\t\t\t\t<\/div>\r\n\t\t<\/p>\n<p>\r\n\t\t\t\t\t\t<\/div>\r\n\t\t\t\t\t<\/div>\r\n\t\t\t\t<\/div>\r\n\t\t\t<\/div>\r\n\t\t<\/section>\r\n\t\n\r\n\t<section class=\"divider-10\"><\/section>\r\n\t\n\r\n\t\t<section class=\"grey\">\r\n\t\t\t<div class=\"container-fluid p-0\">\r\n\t\t\t\t<div class=\"row m-0\">\r\n\t\t\t\t\t<div class=\"col-12 col-xl-8 ml-auto mr-auto\">\r\n\t\t\t\t\t\t<div class=\"row\">\r\n\t\t\t\t\t\t\t<\/p>\n<p>\r\n\t\t\t\t\t<div class=\"col-12 col-xl-4 ml-auto order-2 order-xl-1 text-left text-xl-right\">\r\n\t\t\t\t\t\r\n\t\t\t\t\t\t<\/p>\n<p><img loading=\"lazy\" decoding=\"async\" class=\"alignnone size-full wp-image-193\" src=\"https:\/\/www.egin-heinisch.com\/wp-content\/uploads\/2019\/01\/kinderhospiz-2.jpg\" alt=\"\" width=\"1600\" height=\"1067\" srcset=\"https:\/\/www.egin-heinisch.com\/wp-content\/uploads\/2019\/01\/kinderhospiz-2.jpg 1600w, https:\/\/www.egin-heinisch.com\/wp-content\/uploads\/2019\/01\/kinderhospiz-2-300x200.jpg 300w, https:\/\/www.egin-heinisch.com\/wp-content\/uploads\/2019\/01\/kinderhospiz-2-768x512.jpg 768w, https:\/\/www.egin-heinisch.com\/wp-content\/uploads\/2019\/01\/kinderhospiz-2-1024x683.jpg 1024w\" sizes=\"auto, (max-width: 1600px) 100vw, 1600px\" \/><\/p>\n<p>\r\n\t\t\t\t\t\r\n\t\t\t\t\t<\/div>\r\n\t\t<\/p>\n<p>\r\n\t\t\t\t\t<div class=\"col-12 col-xl-4 mr-auto order-1 order-xl-2\">\r\n\t\t\t\t\t\r\n\t\t\t\t\t\t<\/p>\n<p>Vor allem um gelegentlich vorkommende Garantief\u00e4lle. Nicht immer ist die Situation eindeutig und nicht immer sehen wir uns in der Gew\u00e4hrleistungspflicht. Auf der anderen Seite f\u00fchlen wir uns der Kulanz verpflichtet, weshalb wir eine besondere Aktion auf den Weg bringen.<\/p>\n<p><strong>Helfen statt streiten<\/strong>\u00a0bedeutet, dass wir die betreffenden Streitf\u00e4lle wie Garantief\u00e4lle behandeln. Ohne \u201eWenn und Aber\u201c. Und ohne Diskussionen. Im Gegenzug spenden unsere Kunden die H\u00e4lfte des normalerweise anfallenden Werklohns an ein Kinderhospiz.<\/p>\n<p>Warum das Ganze? Einfach, damit die Welt ein wenig besser wird. Wir w\u00fcnschen uns, dass sowohl unsere Kunden als auch in Not geratene Menschen ein kleines St\u00fcck zufriedener sind. Unser Beitrag besteht in kompetenter Arbeit als Spindeldoctor und einer Reparatur, f\u00fcr die wir keinerlei Entlohnung w\u00fcnschen. Wir\u00a0<strong>helfen statt<\/strong>\u00a0uns zu\u00a0<strong>streiten<\/strong>\u00a0und geben unseren Kunden zudem die Chance zu sozialem Engagement.<\/p>\n<p>\r\n\t\t\t\t\t\r\n\t\t\t\t\t<\/div>\r\n\t\t<\/p>\n<p>\r\n\t\t\t\t\t\t<\/div>\r\n\t\t\t\t\t<\/div>\r\n\t\t\t\t<\/div>\r\n\t\t\t<\/div>\r\n\t\t<\/section>\r\n\t\n\r\n\t<section class=\"divider-10\"><\/section>\r\n\t\n\r\n\t\t<section class=\"grey\">\r\n\t\t\t<div class=\"container-fluid p-0\">\r\n\t\t\t\t<div class=\"row m-0\">\r\n\t\t\t\t\t<div class=\"col-12 col-xl-8 ml-auto mr-auto\">\r\n\t\t\t\t\t\t<div class=\"row\">\r\n\t\t\t\t\t\t\t<\/p>\n<p>\r\n\t\t\t\t\t<div class=\"col-12 col-xl-4 ml-auto order-2 order-xl-1 text-left text-xl-right\">\r\n\t\t\t\t\t\r\n\t\t\t\t\t\t<\/p>\n<p>\u00dcber 40.000 Kinder- und Jugendliche sind in Deutschland von einer t\u00f6dlichen, lebenslimitierenden Krankheit betroffen. Das station\u00e4re Kinder- und Jugendhospiz Mitteldeutschland in Tambach-Dietharz gibt den betroffenen Familien die M\u00f6glichkeit, bis zu 28 Tage im Jahr hier zusammen einzuziehen. Das ganzheitliche Pflege- und Betreuungskonzept bietet nicht nur die liebevolle und optimale Pflege f\u00fcr das schwer kranke Kind, vielmehr ist es eine umfassende Familienhilfe.<\/p>\n<p>\r\n\t\t\t\t\t\r\n\t\t\t\t\t<\/div>\r\n\t\t<\/p>\n<p>\r\n\t\t\t\t\t<div class=\"col-12 col-xl-4 mr-auto order-1 order-xl-2\">\r\n\t\t\t\t\t\r\n\t\t\t\t\t\t<\/p>\n<p><img loading=\"lazy\" decoding=\"async\" class=\"alignnone size-full wp-image-195\" src=\"https:\/\/www.egin-heinisch.com\/wp-content\/uploads\/2019\/01\/kinderhospiz-3.png\" alt=\"\" width=\"1600\" height=\"1200\" srcset=\"https:\/\/www.egin-heinisch.com\/wp-content\/uploads\/2019\/01\/kinderhospiz-3.png 1600w, https:\/\/www.egin-heinisch.com\/wp-content\/uploads\/2019\/01\/kinderhospiz-3-300x225.png 300w, https:\/\/www.egin-heinisch.com\/wp-content\/uploads\/2019\/01\/kinderhospiz-3-768x576.png 768w, https:\/\/www.egin-heinisch.com\/wp-content\/uploads\/2019\/01\/kinderhospiz-3-1024x768.png 1024w\" sizes=\"auto, (max-width: 1600px) 100vw, 1600px\" \/>\r\n\t\t\t\t\t\r\n\t\t\t\t\t<\/div>\r\n\t\t<\/p>\n<p>\r\n\t\t\t\t\t\t<\/div>\r\n\t\t\t\t\t<\/div>\r\n\t\t\t\t<\/div>\r\n\t\t\t<\/div>\r\n\t\t<\/section>\r\n\t\n\r\n\t<section class=\"divider-10\"><\/section>\r\n\t\n\r\n\t\t<section class=\"grey\">\r\n\t\t\t<div class=\"container-fluid p-0\">\r\n\t\t\t\t<div class=\"row m-0\">\r\n\t\t\t\t\t<div class=\"col-12 col-xl-8 ml-auto mr-auto\">\r\n\t\t\t\t\t\t<div class=\"row\">\r\n\t\t\t\t\t\t\t<\/p>\n<p>\r\n\t\t\t\t\t<div class=\"col-12 col-xl-4 ml-auto order-2 order-xl-1 text-left text-xl-right\">\r\n\t\t\t\t\t\r\n\t\t\t\t\t\t<\/p>\n<p><img loading=\"lazy\" decoding=\"async\" class=\"alignnone wp-image-197 size-full\" src=\"https:\/\/www.egin-heinisch.com\/wp-content\/uploads\/2019\/01\/kinderhospiz-4.jpg\" alt=\"\" width=\"1600\" height=\"1200\" srcset=\"https:\/\/www.egin-heinisch.com\/wp-content\/uploads\/2019\/01\/kinderhospiz-4.jpg 1600w, https:\/\/www.egin-heinisch.com\/wp-content\/uploads\/2019\/01\/kinderhospiz-4-300x225.jpg 300w, https:\/\/www.egin-heinisch.com\/wp-content\/uploads\/2019\/01\/kinderhospiz-4-768x576.jpg 768w, https:\/\/www.egin-heinisch.com\/wp-content\/uploads\/2019\/01\/kinderhospiz-4-1024x768.jpg 1024w\" sizes=\"auto, (max-width: 1600px) 100vw, 1600px\" \/><\/p>\n<p>\r\n\t\t\t\t\t\r\n\t\t\t\t\t<\/div>\r\n\t\t<\/p>\n<p>\r\n\t\t\t\t\t<div class=\"col-12 col-xl-4 mr-auto order-1 order-xl-2\">\r\n\t\t\t\t\t\r\n\t\t\t\t\t\t<\/p>\n<p>Die Entlastungsaufenthalte st\u00e4rken das gesamte Familiensystem, schaffen neue Kraft bei den betroffenen Eltern f\u00fcr die oftmals sehr aufw\u00e4ndige 24-Stunden-Pflege des kranken Kindes und f\u00f6rdern auch die gesunden Geschwisterkinder. \u00dcber 35 fest angestellte Mitarbeiter und viele ehrenamtliche Helfer arbeiten aktuell dort. Der gemeinn\u00fctzige Tr\u00e4gerverein ist dauerhaft zu einem H\u00f6chstma\u00df auf Spenden angewiesen, um sein wichtiges Hilfsangebot aufrechterhalten zu k\u00f6nnen.<\/p>\n<p>\r\n\t\t\t\t\t\r\n\t\t\t\t\t<\/div>\r\n\t\t<\/p>\n<p>\r\n\t\t\t\t\t\t<\/div>\r\n\t\t\t\t\t<\/div>\r\n\t\t\t\t<\/div>\r\n\t\t\t<\/div>\r\n\t\t<\/section>\r\n\t\n\r\n\t<section class=\"divider-10\"><\/section>\r\n\t\n\r\n\t\t<section class=\"grey\">\r\n\t\t\t<div class=\"container-fluid p-0\">\r\n\t\t\t\t<div class=\"row m-0\">\r\n\t\t\t\t\t<div class=\"col-12 col-xl-8 ml-auto mr-auto\">\r\n\t\t\t\t\t\t<div class=\"row\">\r\n\t\t\t\t\t\t\t<\/p>\n<p>\r\n\t\t\t\t\t<div class=\"col-12 col-xl-4 ml-auto order-2 order-xl-1 text-left text-xl-right\">\r\n\t\t\t\t\t\r\n\t\t\t\t\t\t<\/p>\n<p>Mehr als 1.000.000 Euro werden an Spenden pro Jahr ben\u00f6tigt, um allein den Betrieb der sozialen Einrichtung sicherzustellen, da die derzeitige Finanzierung durch die Krankenkassen hierzu nicht ausreicht. \u00dcber 950 betroffene Familien aus dem gesamten Bundesgebiet nutzten seit der Einweihung des Kinder- und Jugendhospizes im November 2011 das station\u00e4re Hilfsangebot des Tr\u00e4gervereins. 6.700.000 Euro wurden seit dem Jahr 2008 in den Kauf und den Umbau des ehemaligen Verwaltungsgeb\u00e4udes der Th\u00fcringer Fernwasserversorgung in Tambach-Dietharz im Th\u00fcringer Wald zum Kinder- und Jugendhospiz Mitteldeutschland investiert.<\/p>\n<p>\r\n\t\t\t\t\t\r\n\t\t\t\t\t<\/div>\r\n\t\t<\/p>\n<p>\r\n\t\t\t\t\t<div class=\"col-12 col-xl-4 mr-auto order-1 order-xl-2\">\r\n\t\t\t\t\t\r\n\t\t\t\t\t\t<\/p>\n<p><img loading=\"lazy\" decoding=\"async\" class=\"alignnone wp-image-199 size-full\" src=\"https:\/\/www.egin-heinisch.com\/wp-content\/uploads\/2019\/01\/kinderhospiz-6.jpg\" alt=\"\" width=\"1600\" height=\"1067\" srcset=\"https:\/\/www.egin-heinisch.com\/wp-content\/uploads\/2019\/01\/kinderhospiz-6.jpg 1600w, https:\/\/www.egin-heinisch.com\/wp-content\/uploads\/2019\/01\/kinderhospiz-6-300x200.jpg 300w, https:\/\/www.egin-heinisch.com\/wp-content\/uploads\/2019\/01\/kinderhospiz-6-768x512.jpg 768w, https:\/\/www.egin-heinisch.com\/wp-content\/uploads\/2019\/01\/kinderhospiz-6-1024x683.jpg 1024w\" sizes=\"auto, (max-width: 1600px) 100vw, 1600px\" \/>\r\n\t\t\t\t\t\r\n\t\t\t\t\t<\/div>\r\n\t\t<\/p>\n<p>\r\n\t\t\t\t\t\t<\/div>\r\n\t\t\t\t\t<\/div>\r\n\t\t\t\t<\/div>\r\n\t\t\t<\/div>\r\n\t\t<\/section>\r\n\t\n\r\n\t<section class=\"divider-10\"><\/section>\r\n\t\n\r\n\t\t<section class=\"grey\">\r\n\t\t\t<div class=\"container-fluid p-0\">\r\n\t\t\t\t<div class=\"row m-0\">\r\n\t\t\t\t\t<div class=\"col-12 col-xl-8 ml-auto mr-auto\">\r\n\t\t\t\t\t\t<div class=\"row\">\r\n\t\t\t\t\t\t\t<\/p>\n<p>\r\n\t\t\t\t\t<div class=\"col-12 col-xl-4 ml-auto order-2 order-xl-1 text-left text-xl-right\">\r\n\t\t\t\t\t\r\n\t\t\t\t\t\t<\/p>\n<p><img loading=\"lazy\" decoding=\"async\" class=\"alignnone wp-image-201 size-full\" src=\"https:\/\/www.egin-heinisch.com\/wp-content\/uploads\/2019\/01\/kinderhospiz-7.jpg\" alt=\"\" width=\"1067\" height=\"1600\" srcset=\"https:\/\/www.egin-heinisch.com\/wp-content\/uploads\/2019\/01\/kinderhospiz-7.jpg 1067w, https:\/\/www.egin-heinisch.com\/wp-content\/uploads\/2019\/01\/kinderhospiz-7-200x300.jpg 200w, https:\/\/www.egin-heinisch.com\/wp-content\/uploads\/2019\/01\/kinderhospiz-7-768x1152.jpg 768w, https:\/\/www.egin-heinisch.com\/wp-content\/uploads\/2019\/01\/kinderhospiz-7-683x1024.jpg 683w\" sizes=\"auto, (max-width: 1067px) 100vw, 1067px\" \/><\/p>\n<p>\r\n\t\t\t\t\t\r\n\t\t\t\t\t<\/div>\r\n\t\t<\/p>\n<p>\r\n\t\t\t\t\t<div class=\"col-12 col-xl-4 mr-auto order-1 order-xl-2\">\r\n\t\t\t\t\t\r\n\t\t\t\t\t\t<\/p>\n<p>92 Prozent dieser Investitionssumme wurden durch Spenden von Privatpersonen, Vereinen, Schulen und Unternehmen und nichtstaatlichen Zuwendungen durch Stiftungen aufgebracht. Dank dieser Hilfe entstand ein buchst\u00e4blich zweites Zuhause f\u00fcr diese betroffenen Familien \u2013 fernab von jeder Krankenhausatmosph\u00e4re. Betrieben wird das station\u00e4re Kinderhospiz von einem gemeinn\u00fctzigen Tr\u00e4gerverein. Ein sechsk\u00f6pfiger ehrenamtlicher Vorstand leitet die Geschicke bereits seit dem Jahr 2005 und hat so in den vergangenen zehn Jahren Ostdeutschlands gr\u00f6\u00dftes ehrenamtlich organisiertes Sozialprojekt initiiert.<\/p>\n<p>\r\n\t\t\t\t\t\r\n\t\t\t\t\t<\/div>\r\n\t\t<\/p>\n<p>\r\n\t\t\t\t\t\t<\/div>\r\n\t\t\t\t\t<\/div>\r\n\t\t\t\t<\/div>\r\n\t\t\t<\/div>\r\n\t\t<\/section>\r\n\t\n\r\n\t<section class=\"divider-10\"><\/section>\r\n\t\n\r\n\t\t<section class=\"grey\">\r\n\t\t\t<div class=\"container-fluid p-0\">\r\n\t\t\t\t<div class=\"row m-0\">\r\n\t\t\t\t\t<div class=\"col-12 col-xl-8 ml-auto mr-auto\">\r\n\t\t\t\t\t\t<div class=\"row\">\r\n\t\t\t\t\t\t\t<\/p>\n<p>\r\n\t\t\t\t\t<div class=\"col-12 col-xl-4 ml-auto order-2 order-xl-1 text-left text-xl-right\">\r\n\t\t\t\t\t\r\n\t\t\t\t\t\t<\/p>\n<p>Der Gr\u00fcnder, Initiator und bis heute ehrenamtliche Vorstandsvorsitzende Klaus-Dieter Heber wurde im Jahr 2015 mit dem \u201eVerdienstorden der Bundesrepublik Deutschland\u201c ausgezeichnet. Im Jahr 2017 plant der Tr\u00e4gerverein den dringend erforderlichen Ausbau des Kinder-und Jugendhospizes, da die Nachfrage steigt. So sollen in einem noch unsanierten Nebengeb\u00e4ude neue G\u00e4stezimmer, Therapier\u00e4ume, Gemeinschafts- und Sozialr\u00e4ume sowie eine Holzwerkstatt entstehen. Hierf\u00fcr werden zus\u00e4tzliche 1.000.000 Euro Investitionskosten ben\u00f6tigt. Leider stehen hierf\u00fcr derzeit keine staatlichen F\u00f6rderungen zur Verf\u00fcgung.<\/p>\n<p>\r\n\t\t\t\t\t\r\n\t\t\t\t\t<\/div>\r\n\t\t<\/p>\n<p>\r\n\t\t\t\t\t<div class=\"col-12 col-xl-4 mr-auto order-1 order-xl-2\">\r\n\t\t\t\t\t\r\n\t\t\t\t\t\t<\/p>\n<p><img loading=\"lazy\" decoding=\"async\" class=\"alignnone wp-image-203 size-full\" src=\"https:\/\/www.egin-heinisch.com\/wp-content\/uploads\/2019\/01\/kinderhospiz-8.jpg\" alt=\"\" width=\"1600\" height=\"1067\" srcset=\"https:\/\/www.egin-heinisch.com\/wp-content\/uploads\/2019\/01\/kinderhospiz-8.jpg 1600w, https:\/\/www.egin-heinisch.com\/wp-content\/uploads\/2019\/01\/kinderhospiz-8-300x200.jpg 300w, https:\/\/www.egin-heinisch.com\/wp-content\/uploads\/2019\/01\/kinderhospiz-8-768x512.jpg 768w, https:\/\/www.egin-heinisch.com\/wp-content\/uploads\/2019\/01\/kinderhospiz-8-1024x683.jpg 1024w\" sizes=\"auto, (max-width: 1600px) 100vw, 1600px\" \/>\r\n\t\t\t\t\t\r\n\t\t\t\t\t<\/div>\r\n\t\t<\/p>\n<p>\r\n\t\t\t\t\t\t<\/div>\r\n\t\t\t\t\t<\/div>\r\n\t\t\t\t<\/div>\r\n\t\t\t<\/div>\r\n\t\t<\/section>\r\n\t\n\r\n\t<section class=\"divider-10\"><\/section>\r\n\t\n\r\n\t<section class=\"grey\">\r\n\t\t<div class=\"container-fluid p-0\">\r\n\t\t\t<div class=\"row m-0\">\r\n\t\t\t\t<div class=\"col-12 col-lg-10 ml-lg-auto mr-lg-auto\">\r\n\t\t\t\t\t<hr>\r\n\t\t\t\t<\/div>\r\n\t\t\t<\/div>\r\n\t\t<\/div>\r\n\t<\/section>\r\n\t\n\r\n\t<section class=\"divider-10\" id=\"donate\"><\/section>\r\n\t\n\r\n\t\t<section class=\"grey\">\r\n\t\t\t<div class=\"container-fluid p-0\">\r\n\t\t\t\t<div class=\"row m-0\">\r\n\t\t\t\t\t<div class=\"col-12 col-xl-8 ml-auto mr-auto\">\r\n\t\t\t\t\t\t<div class=\"row\">\r\n\t\t\t\t\t\t\t<\/p>\n<p>\r\n\t\t\t\t\t<div class=\"col-12 col-xl-8 ml-auto mr-auto\">\r\n\t\t\t\t\t\r\n\t\t\t\t\t\t<\/p>\n<h2 style=\"text-align: center;\"><strong>Unterst\u00fctzen Sie das Kinderhospiz<\/strong><\/h2>\n<p>\r\n\t\t\t\t\t\r\n\t\t\t\t\t<\/div>\r\n\t\t<\/p>\n<p>\r\n\t\t\t\t\t\t<\/div>\r\n\t\t\t\t\t<\/div>\r\n\t\t\t\t<\/div>\r\n\t\t\t<\/div>\r\n\t\t<\/section>\r\n\t\n\r\n\t<section class=\"divider-10\"><\/section>\r\n\t\n\r\n\t\t<section class=\"grey\">\r\n\t\t\t<div class=\"container-fluid p-0\">\r\n\t\t\t\t<div class=\"row m-0\">\r\n\t\t\t\t\t<div class=\"col-12 col-xl-8 ml-auto mr-auto\">\r\n\t\t\t\t\t\t<div class=\"row\">\r\n\t\t\t\t\t\t\t<\/p>\n<p>\r\n\t\t\t\t\t<div class=\"col-12 col-xl-8 ml-auto mr-auto\">\r\n\t\t\t\t\t\r\n\t\t\t\t\t\t<\/p>\n<p style=\"text-align: center;\">Nat\u00fcrlich freuen wir uns, wenn Sie unsere Aktionen auch ohne einen vorangegangenen \u201cStreit\u201d unterst\u00fctzen m\u00f6chten. Alle Infos und die M\u00f6glichkeit, direkt online einen Betrag zu spenden, finden Sie auf unserer Spendenseite auf www.kinderhospiz-mitteldeutschland.de.<\/p>\n<p style=\"text-align: center;\">Wir sagen schon jetzt: Danke f\u00fcr Ihre Unterst\u00fctzung.<\/p>\n<p style=\"text-align: center;\"><a class=\"btn btn-primary\" href=\"http:\/\/www.kinderhospiz-mitteldeutschland.de\/jetzt-spenden.html\" target=\"_blank\" rel=\"noopener\">Jetzt spenden<\/a><\/p>\n<p>\r\n\t\t\t\t\t\r\n\t\t\t\t\t<\/div>\r\n\t\t<\/p>\n<p>\r\n\t\t\t\t\t\t<\/div>\r\n\t\t\t\t\t<\/div>\r\n\t\t\t\t<\/div>\r\n\t\t\t<\/div>\r\n\t\t<\/section>\r\n\t\n","protected":false},"excerpt":{"rendered":"","protected":false},"author":1,"featured_media":0,"parent":1247,"menu_order":0,"comment_status":"closed","ping_status":"closed","template":"","meta":{"footnotes":""},"class_list":["post-1275","page","type-page","status-publish","hentry"],"yoast_head":"<!-- This site is optimized with the Yoast SEO plugin v26.0 - https:\/\/yoast.com\/wordpress\/plugins\/seo\/ -->\n<title>Helfen statt streiten - EGIN-HEINISCH<\/title>\n<meta name=\"robots\" content=\"index, follow, max-snippet:-1, max-image-preview:large, max-video-preview:-1\" \/>\n<link rel=\"canonical\" href=\"https:\/\/www.egin-heinisch.com\/de\/ueber-uns\/unternehmerische-verantwortung\/helfen-statt-streiten\/\" \/>\n<meta property=\"og:locale\" content=\"de_DE\" \/>\n<meta property=\"og:type\" content=\"article\" \/>\n<meta property=\"og:title\" content=\"Helfen statt streiten - EGIN-HEINISCH\" \/>\n<meta property=\"og:url\" content=\"https:\/\/www.egin-heinisch.com\/de\/ueber-uns\/unternehmerische-verantwortung\/helfen-statt-streiten\/\" \/>\n<meta property=\"og:site_name\" content=\"EGIN-HEINISCH\" \/>\n<meta property=\"article:modified_time\" content=\"2019-03-01T10:05:18+00:00\" \/>\n<meta property=\"og:image\" content=\"https:\/\/www.egin-heinisch.com\/wp-content\/uploads\/2019\/01\/kinderhospiz-2.jpg\" \/>\n<meta name=\"twitter:card\" content=\"summary_large_image\" \/>\n<meta name=\"twitter:label1\" content=\"Gesch\u00e4tzte Lesezeit\" \/>\n\t<meta name=\"twitter:data1\" content=\"4\u00a0Minuten\" \/>\n<script type=\"application\/ld+json\" class=\"yoast-schema-graph\">{\"@context\":\"https:\/\/schema.org\",\"@graph\":[{\"@type\":\"WebPage\",\"@id\":\"https:\/\/www.egin-heinisch.com\/de\/ueber-uns\/unternehmerische-verantwortung\/helfen-statt-streiten\/\",\"url\":\"https:\/\/www.egin-heinisch.com\/de\/ueber-uns\/unternehmerische-verantwortung\/helfen-statt-streiten\/\",\"name\":\"Helfen statt streiten - EGIN-HEINISCH\",\"isPartOf\":{\"@id\":\"https:\/\/www.egin-heinisch.com\/de\/#website\"},\"primaryImageOfPage\":{\"@id\":\"https:\/\/www.egin-heinisch.com\/de\/ueber-uns\/unternehmerische-verantwortung\/helfen-statt-streiten\/#primaryimage\"},\"image\":{\"@id\":\"https:\/\/www.egin-heinisch.com\/de\/ueber-uns\/unternehmerische-verantwortung\/helfen-statt-streiten\/#primaryimage\"},\"thumbnailUrl\":\"https:\/\/www.egin-heinisch.com\/wp-content\/uploads\/2019\/01\/kinderhospiz-2.jpg\",\"datePublished\":\"2019-03-01T07:23:19+00:00\",\"dateModified\":\"2019-03-01T10:05:18+00:00\",\"breadcrumb\":{\"@id\":\"https:\/\/www.egin-heinisch.com\/de\/ueber-uns\/unternehmerische-verantwortung\/helfen-statt-streiten\/#breadcrumb\"},\"inLanguage\":\"de\",\"potentialAction\":[{\"@type\":\"ReadAction\",\"target\":[\"https:\/\/www.egin-heinisch.com\/de\/ueber-uns\/unternehmerische-verantwortung\/helfen-statt-streiten\/\"]}]},{\"@type\":\"ImageObject\",\"inLanguage\":\"de\",\"@id\":\"https:\/\/www.egin-heinisch.com\/de\/ueber-uns\/unternehmerische-verantwortung\/helfen-statt-streiten\/#primaryimage\",\"url\":\"https:\/\/www.egin-heinisch.com\/wp-content\/uploads\/2019\/01\/kinderhospiz-2.jpg\",\"contentUrl\":\"https:\/\/www.egin-heinisch.com\/wp-content\/uploads\/2019\/01\/kinderhospiz-2.jpg\"},{\"@type\":\"BreadcrumbList\",\"@id\":\"https:\/\/www.egin-heinisch.com\/de\/ueber-uns\/unternehmerische-verantwortung\/helfen-statt-streiten\/#breadcrumb\",\"itemListElement\":[{\"@type\":\"ListItem\",\"position\":1,\"name\":\"Home\",\"item\":\"https:\/\/www.egin-heinisch.com\/de\/home\/\"},{\"@type\":\"ListItem\",\"position\":2,\"name\":\"\u00dcber uns\",\"item\":\"https:\/\/www.egin-heinisch.com\/de\/ueber-uns\/\"},{\"@type\":\"ListItem\",\"position\":3,\"name\":\"Unternehmerische Verantwortung\",\"item\":\"https:\/\/www.egin-heinisch.com\/de\/ueber-uns\/unternehmerische-verantwortung\/\"},{\"@type\":\"ListItem\",\"position\":4,\"name\":\"Helfen statt streiten\"}]},{\"@type\":\"WebSite\",\"@id\":\"https:\/\/www.egin-heinisch.com\/de\/#website\",\"url\":\"https:\/\/www.egin-heinisch.com\/de\/\",\"name\":\"EGIN-HEINISCH\",\"description\":\"\",\"potentialAction\":[{\"@type\":\"SearchAction\",\"target\":{\"@type\":\"EntryPoint\",\"urlTemplate\":\"https:\/\/www.egin-heinisch.com\/de\/?s={search_term_string}\"},\"query-input\":{\"@type\":\"PropertyValueSpecification\",\"valueRequired\":true,\"valueName\":\"search_term_string\"}}],\"inLanguage\":\"de\"}]}<\/script>\n<!-- \/ Yoast SEO plugin. -->","yoast_head_json":{"title":"Helfen statt streiten - EGIN-HEINISCH","robots":{"index":"index","follow":"follow","max-snippet":"max-snippet:-1","max-image-preview":"max-image-preview:large","max-video-preview":"max-video-preview:-1"},"canonical":"https:\/\/www.egin-heinisch.com\/de\/ueber-uns\/unternehmerische-verantwortung\/helfen-statt-streiten\/","og_locale":"de_DE","og_type":"article","og_title":"Helfen statt streiten - EGIN-HEINISCH","og_url":"https:\/\/www.egin-heinisch.com\/de\/ueber-uns\/unternehmerische-verantwortung\/helfen-statt-streiten\/","og_site_name":"EGIN-HEINISCH","article_modified_time":"2019-03-01T10:05:18+00:00","og_image":[{"url":"https:\/\/www.egin-heinisch.com\/wp-content\/uploads\/2019\/01\/kinderhospiz-2.jpg","type":"","width":"","height":""}],"twitter_card":"summary_large_image","twitter_misc":{"Gesch\u00e4tzte Lesezeit":"4\u00a0Minuten"},"schema":{"@context":"https:\/\/schema.org","@graph":[{"@type":"WebPage","@id":"https:\/\/www.egin-heinisch.com\/de\/ueber-uns\/unternehmerische-verantwortung\/helfen-statt-streiten\/","url":"https:\/\/www.egin-heinisch.com\/de\/ueber-uns\/unternehmerische-verantwortung\/helfen-statt-streiten\/","name":"Helfen statt streiten - EGIN-HEINISCH","isPartOf":{"@id":"https:\/\/www.egin-heinisch.com\/de\/#website"},"primaryImageOfPage":{"@id":"https:\/\/www.egin-heinisch.com\/de\/ueber-uns\/unternehmerische-verantwortung\/helfen-statt-streiten\/#primaryimage"},"image":{"@id":"https:\/\/www.egin-heinisch.com\/de\/ueber-uns\/unternehmerische-verantwortung\/helfen-statt-streiten\/#primaryimage"},"thumbnailUrl":"https:\/\/www.egin-heinisch.com\/wp-content\/uploads\/2019\/01\/kinderhospiz-2.jpg","datePublished":"2019-03-01T07:23:19+00:00","dateModified":"2019-03-01T10:05:18+00:00","breadcrumb":{"@id":"https:\/\/www.egin-heinisch.com\/de\/ueber-uns\/unternehmerische-verantwortung\/helfen-statt-streiten\/#breadcrumb"},"inLanguage":"de","potentialAction":[{"@type":"ReadAction","target":["https:\/\/www.egin-heinisch.com\/de\/ueber-uns\/unternehmerische-verantwortung\/helfen-statt-streiten\/"]}]},{"@type":"ImageObject","inLanguage":"de","@id":"https:\/\/www.egin-heinisch.com\/de\/ueber-uns\/unternehmerische-verantwortung\/helfen-statt-streiten\/#primaryimage","url":"https:\/\/www.egin-heinisch.com\/wp-content\/uploads\/2019\/01\/kinderhospiz-2.jpg","contentUrl":"https:\/\/www.egin-heinisch.com\/wp-content\/uploads\/2019\/01\/kinderhospiz-2.jpg"},{"@type":"BreadcrumbList","@id":"https:\/\/www.egin-heinisch.com\/de\/ueber-uns\/unternehmerische-verantwortung\/helfen-statt-streiten\/#breadcrumb","itemListElement":[{"@type":"ListItem","position":1,"name":"Home","item":"https:\/\/www.egin-heinisch.com\/de\/home\/"},{"@type":"ListItem","position":2,"name":"\u00dcber uns","item":"https:\/\/www.egin-heinisch.com\/de\/ueber-uns\/"},{"@type":"ListItem","position":3,"name":"Unternehmerische Verantwortung","item":"https:\/\/www.egin-heinisch.com\/de\/ueber-uns\/unternehmerische-verantwortung\/"},{"@type":"ListItem","position":4,"name":"Helfen statt streiten"}]},{"@type":"WebSite","@id":"https:\/\/www.egin-heinisch.com\/de\/#website","url":"https:\/\/www.egin-heinisch.com\/de\/","name":"EGIN-HEINISCH","description":"","potentialAction":[{"@type":"SearchAction","target":{"@type":"EntryPoint","urlTemplate":"https:\/\/www.egin-heinisch.com\/de\/?s={search_term_string}"},"query-input":{"@type":"PropertyValueSpecification","valueRequired":true,"valueName":"search_term_string"}}],"inLanguage":"de"}]}},"_links":{"self":[{"href":"https:\/\/www.egin-heinisch.com\/de\/wp-json\/wp\/v2\/pages\/1275","targetHints":{"allow":["GET"]}}],"collection":[{"href":"https:\/\/www.egin-heinisch.com\/de\/wp-json\/wp\/v2\/pages"}],"about":[{"href":"https:\/\/www.egin-heinisch.com\/de\/wp-json\/wp\/v2\/types\/page"}],"author":[{"embeddable":true,"href":"https:\/\/www.egin-heinisch.com\/de\/wp-json\/wp\/v2\/users\/1"}],"replies":[{"embeddable":true,"href":"https:\/\/www.egin-heinisch.com\/de\/wp-json\/wp\/v2\/comments?post=1275"}],"version-history":[{"count":4,"href":"https:\/\/www.egin-heinisch.com\/de\/wp-json\/wp\/v2\/pages\/1275\/revisions"}],"predecessor-version":[{"id":1369,"href":"https:\/\/www.egin-heinisch.com\/de\/wp-json\/wp\/v2\/pages\/1275\/revisions\/1369"}],"up":[{"embeddable":true,"href":"https:\/\/www.egin-heinisch.com\/de\/wp-json\/wp\/v2\/pages\/1247"}],"wp:attachment":[{"href":"https:\/\/www.egin-heinisch.com\/de\/wp-json\/wp\/v2\/media?parent=1275"}],"curies":[{"name":"wp","href":"https:\/\/api.w.org\/{rel}","templated":true}]}}